{"id":226,"date":"2024-05-08T14:20:59","date_gmt":"2024-05-08T18:20:59","guid":{"rendered":"https:\/\/laurentia.swlauriersb.vortexdev.com\/our-school-about-us\/"},"modified":"2024-05-30T09:07:50","modified_gmt":"2024-05-30T13:07:50","slug":"notre-ecole-a-propos","status":"publish","type":"page","link":"https:\/\/laurentia.swlauriersb.vortexdev.com\/fr\/notre-ecole-a-propos\/","title":{"rendered":"Notre \u00e9cole \/ \u00e0 propos"},"content":{"rendered":"\n<p>L\u2019\u00e9cole primaire Laurentia est situ\u00e9e au 457 rue Filion dans la ville de St-J\u00e9r\u00f4me et fait partie de la Commission scolaire Sir Wilfrid Laurier. La premi\u00e8re \u00e9cole primaire anglophone de St-J\u00e9r\u00f4me est une \u00e9cole d\u2019une pi\u00e8ce construite en 1932. Dans une petite maison de deux \u00e9tages sur la propri\u00e9t\u00e9 de Dominion Rubber Co. Ltd., neuf \u00e9l\u00e8ves et un enseignant ont form\u00e9 une salle de classe. En 1954, l\u2019\u00e9cole primaire Laurentia ouvre ses portes au 630, rue Trudel. Une extension a \u00e9t\u00e9 ajout\u00e9e en 1991 pour accueillir plus d\u2019\u00e9l\u00e8ves de la maternelle \u00e0 la 6e ann\u00e9e. Le nom de la rue a \u00e9t\u00e9 chang\u00e9 en 2002 pour rue Filion. Aujourd\u2019hui, nous avons annex\u00e9 quatre b\u00e2timents suppl\u00e9mentaires \u00e0 notre structure principale. De plus, en 2023, nous avons \u00e9tabli un nouveau b\u00e2timent adjacent \u00e0 notre \u00e9cole existante, d\u00e9di\u00e9 au logement de quatre salles de classe pr\u00e9scolaires.<\/p>\n\n\n\n<p>L\u2019\u00e9cole primaire Laurentia couvre un paysage diversifi\u00e9, englobant des zones urbaines, rurales et agricoles. L\u2019\u00e9cole primaire Laurentia est reconnue et situ\u00e9e dans une r\u00e9gion peu socio\u00e9conomique. Cependant, en raison de la construction croissante de r\u00e9sidences de classe moyenne \u00e0 sup\u00e9rieure dans des r\u00e9gions en d\u00e9veloppement comme Ste-Sophie, l\u2019\u00e9cole a \u00e9t\u00e9 reclass\u00e9e en cat\u00e9gorie 8 avec un statut socio-\u00e9conomique moyen. Les enfants et les familles vivant dans des foyers \u00e0 faible statut socio\u00e9conomique (SSE) sont souvent confront\u00e9s \u00e0 des difficult\u00e9s. Des ressources financi\u00e8res limit\u00e9es peuvent entraver l\u2019acc\u00e8s \u00e0 des possibilit\u00e9s d\u2019\u00e9ducation de qualit\u00e9, y compris des programmes d\u2019\u00e9ducation de la petite enfance et des activit\u00e9s parascolaires. En outre, le manque d\u2019acc\u00e8s aux activit\u00e9s d\u2019enrichissement et aux ressources \u00e9ducatives peut entraver davantage le d\u00e9veloppement cognitif et social des enfants.&nbsp;<\/p>\n\n\n\n<h2 class=\"wp-block-heading\">Bassin d\u2019alimentation<\/h2>\n\n\n\n<p>Mille-\u00cesles (secteur Lac Massie, secteur Lac Robert), Mirabel (secteur St-Antoine, secteur St-Janvier, secteur Mirabel-en-Haut, secteur Ste-Monique), St-Hippolyte (Nord du chemin des Hauteurs jusqu\u2019au chemin du Lac Bleu, chemin du Lac Connelly, sud jusqu\u2019au chemin de la Carri\u00e8re, chemin du Lac Bleu), St-J\u00e9r\u00f4me (Bellefeuille, Lafontaine, St-Antoine), St Lin-Laurentides (Domaine CLC SEULEMENT), Ste-Sophie.<\/p>\n\n\n\n<p><a href=\"https:\/\/www.swlauriersb.qc.ca\/wp-content\/uploads\/2020\/12\/ZONE_MAP_Elementary_LAURENTIA.pdf\">Zone Map cliquez ici<\/a><\/p>\n\n\n\n<p>La carte d\u00e9crivant le bassin d\u2019alimentation de cette \u00e9cole vise \u00e0 donner un aper\u00e7u g\u00e9n\u00e9ral du territoire desservi par cette \u00e9cole. Les parents doivent contacter l\u2019\u00e9cole en question afin de confirmer l\u2019admissibilit\u00e9 \u00e0 l\u2019\u00e9cole demand\u00e9e.<\/p>\n\n\n\n<h2 class=\"wp-block-heading\">Philosophie\/ Mission<\/h2>\n\n\n\n<p>L\u2019\u00c9cole primaire Laurentia s\u2019engage \u00e0 offrir une \u00e9ducation qui reconna\u00eet la valeur de la diversit\u00e9 et \u00e0 offrir des possibilit\u00e9s d\u2019apprentissage accessibles, adapt\u00e9es et inclusives \u00e0 tous les apprenants.<\/p>\n\n\n\n<h2 class=\"wp-block-heading\">Informations g\u00e9n\u00e9rales<\/h2>\n\n\n\n<p>Le 20\u00a0janvier\u00a01932, la premi\u00e8re \u00e9cole d\u2019anglais est ouverte \u00e0 Saint-J\u00e9r\u00f4me avec 9 \u00e9l\u00e8ves et un professeur. En 1954, il a d\u00e9m\u00e9nag\u00e9 \u00e0 son emplacement actuel sur la rue Filionl. En 1991, une extension a \u00e9t\u00e9 ajout\u00e9e pour accueillir l\u2019afflux croissant d\u2019\u00e9tudiants. Aujourd\u2019hui, Laurentia compte 240 \u00e9l\u00e8ves de la maternelle \u00e0 la 6e ann\u00e9e qui dessinent dans une vaste r\u00e9gion rurale et urbaine. Nous restons la seule \u00e9cole anglaise de Saint-J\u00e9r\u00f4me.<\/p>\n\n\n\n<h2 class=\"wp-block-heading\">Participation des parents<\/h2>\n\n\n\n<p>Le conseil d\u2019administration de la Laurentia compte 12 membres, dont six sont des parents. Nous nous r\u00e9unissons six fois par an. C\u2019est un conseil efficace et engag\u00e9 qui discute, propose et d\u00e9cide \u00e0 l\u2019amiable de nombreuses questions importantes concernant l\u2019\u00e9cole.<\/p>\n\n\n\n<p>Notre organisation de participation des parents (PPO) se renouvelle chaque ann\u00e9e. L\u2019int\u00e9r\u00eat, les id\u00e9es et le pouvoir parental sont pr\u00e9sents et le temps n\u00e9cessaire pour le leadership et l\u2019engagement continu fluctue d\u2019ann\u00e9e en ann\u00e9e. \u00catre une \u00e9cole de ville avec de nombreux parents qui vivent \u00e0 la campagne et qui travaillent en dehors de la r\u00e9gion pr\u00e9sente des obstacles organisationnels. Cependant, nous continuons d\u2019avancer et de trouver des solutions cr\u00e9atives \u00e0 nos difficult\u00e9s. Nous excellons dans les ventes de p\u00e2tisseries!<\/p>\n\n\n\n<h2 class=\"wp-block-heading\">Programmes<\/h2>\n\n\n\n<p>La majorit\u00e9 des \u00e9l\u00e8ves qui fr\u00e9quentent Laurentia sont issus de familles de langue maternelle fran\u00e7aise. Souvent, leurs parents ou grands-parents fr\u00e9quentaient Laurentia et c\u2019est les parents qui souhaitent voir leurs enfants recevoir une \u00e9ducation en anglais.<\/p>\n\n\n\n<p>Par cons\u00e9quent, notre programme acad\u00e9mique se concentre sur le d\u00e9veloppement des comp\u00e9tences en anglais, en particulier la langue orale anglaise dans les classes plus jeunes. Lorsque nos \u00e9tudiants obtiennent leur dipl\u00f4me, nous pouvons dire avec fiert\u00e9 que la plupart d\u2019entre eux sont bilingues. Notre programme de langue fran\u00e7aise est enrichi pour r\u00e9pondre aux d\u00e9fis de nos \u00e9tudiants. Il y a 3 salles de classe dans chaque cycle (un, deux et trois) plus la maternelle. Tous les efforts sont faits pour que les enseignants n\u2019enseignent que dans leur cycle, \u00e0 l\u2019exception des sp\u00e9cialistes fran\u00e7ais.<\/p>\n\n\n\n<p>Les \u00e9tudes th\u00e9matiques, l\u2019approche de projet et la science int\u00e9gr\u00e9e au cycle 3 sont quelques-unes de nos offres de programme. Un programme d\u2019alphab\u00e9tisation des jeunes enfants (maternelle et 1re ann\u00e9e) soutenu par des enseignants et des b\u00e9n\u00e9voles fait partie de notre plan de r\u00e9ussite scolaire afin de d\u00e9velopper activement les comp\u00e9tences en anglais de nos \u00e9l\u00e8ves.<\/p>\n\n\n\n<h2 class=\"wp-block-heading\">Services<\/h2>\n\n\n\n<p>Nous offrons un service de garde avant et apr\u00e8s l\u2019\u00e9cole et pendant les journ\u00e9es p\u00e9dagogiques. Notre \u00e9quipe des services aux \u00e9l\u00e8ves comprend un psychologue, une infirmi\u00e8re, un travailleur social, un orthophoniste et un enseignant-ressource ainsi qu\u2019une personne-ressource en mati\u00e8re de garde d\u2019enfants. Mis \u00e0 part l\u2019enseignant-ressource qui est en milieu scolaire, les autres membres du personnel-ressource sont affect\u00e9s \u00e0 temps partiel et partag\u00e9s par le Conseil scolaire Sir Wilfrid Laurier ou par le CLSC. Les \u00e9l\u00e8ves ayant des besoins sp\u00e9ciaux recevront des services en fonction de leur plan d\u2019intervention individuel.<\/p>\n\n\n\n<h2 class=\"wp-block-heading\">\u00c9v\u00e9nements et activit\u00e9s<\/h2>\n\n\n\n<p>Laurentia est connue dans toute la r\u00e9gion de Saint-J\u00e9r\u00f4me &#8211; Laurentides pour son implication dans le basketball. Les \u00e9quipes senior gar\u00e7ons et filles, &#8220;THE MAGIC&#8221;, appartiennent \u00e0 une ligue avec des jeux et des tournois parascolaires organis\u00e9s entre octobre et avril. Nous avons la chance d\u2019avoir deux enseignants-entra\u00eeneurs qui consacrent des heures d\u2019entra\u00eenement \u00e0 ces \u00e9quipes et \u00e0 d\u2019autres sports intra-muros.<\/p>\n\n\n\n<p>Deux foires annuelles du livre sont des \u00e9v\u00e9nements populaires ainsi que la course Terry Fox de septembre. Chaque ann\u00e9e, au moins une fois, deux classes ou plus r\u00e9servent du temps au Centre des sciences naturelles d\u2019Arundel o\u00f9 elles passent un minimum de deux jours engag\u00e9s dans des \u00e9tudes transversales environnementales. Les classes de 6e ann\u00e9e passent habituellement deux jours dans un camp avec d\u2019autres \u00e9l\u00e8ves de 6e ann\u00e9e de la r\u00e9gion. C\u2019est une exp\u00e9rience d\u2019initiation et de socialisation avant d\u2019entrer \u00e0 l\u2019\u00e9cole secondaire \u00e0 Laurentian Regional \u00e0 Lachute.<\/p>\n\n\n\n<p>Les assembl\u00e9es ont lieu r\u00e9guli\u00e8rement avec notre service du jour du Souvenir, l\u2019une de nos assembl\u00e9es les plus dignes et les plus significatives. Les membres de la L\u00e9gion et les gardiens de la paix locaux assistent r\u00e9guli\u00e8rement \u00e0 notre service comm\u00e9moratif \u00e9tudiant\/personnel.<\/p>\n\n\n\n<p>Au cours de nos assembl\u00e9es mensuelles, les \u00e9l\u00e8ves de Laurentia sont reconnus pour avoir montr\u00e9 des traits de caract\u00e8re positifs tels que&nbsp;: la citoyennet\u00e9, la d\u00e9termination, le respect des autres et le respect de soi. Ces superstars des Laurentides sont honor\u00e9es de voir leurs \u00e9toiles plac\u00e9es dans la salle et leurs noms publi\u00e9s dans notre bulletin mensuel.<\/p>\n\n\n\n<p>Notre c\u00e9r\u00e9monie de cl\u00f4ture marque l\u2019occasion o\u00f9 les \u00e9l\u00e8ves de chaque salle de classe sont reconnus pour leurs r\u00e9alisations et leurs efforts tout au long de l\u2019ann\u00e9e. Des prix de citoyennet\u00e9, de droits et de responsabilit\u00e9s sont \u00e9galement remis \u00e0 ce moment. L\u2019assembl\u00e9e honore \u00e9galement nos dipl\u00f4m\u00e9s de 6e ann\u00e9e et de maternelle! Notre c\u00e9r\u00e9monie de cl\u00f4ture est un \u00e9v\u00e9nement tr\u00e8s attendu et tr\u00e8s appr\u00e9ci\u00e9 par notre communaut\u00e9 d\u2019\u00e9tudiants et de parents de la Laurentia. Cela met fin \u00e0 notre ann\u00e9e de programmes et d\u2019activit\u00e9s.<\/p>\n\n\n\n<h2 class=\"wp-block-heading\">Autres informations<\/h2>\n\n\n\n<p>Nos \u00e9l\u00e8ves respectent un code de comportement qui met l\u2019accent sur les droits et les responsabilit\u00e9s des \u00e9l\u00e8ves. Des lignes directrices et des attentes claires concernant le comportement des \u00e9l\u00e8ves sont d\u00e9crites dans notre agenda \u00e9tudiant et sont renforc\u00e9es dans les salles de classe et lors des assembl\u00e9es d\u2019\u00e9tudiants. Les cons\u00e9quences (fautes) et les r\u00e9compenses (dunks) sont r\u00e9guli\u00e8rement attribu\u00e9es dans le cadre d\u2019un programme de surveillance coh\u00e9rent.<\/p>\n\n\n\n<p>Le logo de notre \u00e9cole refl\u00e8te notre r\u00e9gion montagneuse des Laurentides, la diversit\u00e9 de notre communaut\u00e9 (urbaine et rurale) et l\u2019engagement de nos \u00e9l\u00e8ves envers la lecture. Le logo est utilis\u00e9 sur notre papeterie scolaire, T-shirts et \u00e9pinglettes scolaires. Laurentia est fi\u00e8re d\u2019\u00eatre une \u00e9cole amicale et attentionn\u00e9e.<\/p>\n\n\n\n<div class=\"wp-block-buttons is-layout-flex wp-block-buttons-is-layout-flex\">\n<div class=\"wp-block-button is-style-text-link-pdf\"><a class=\"wp-block-button__link wp-element-button\" href=\"https:\/\/laurentia.swlauriersb.vortexdev.com\/wp-content\/uploads\/sites\/20\/2024\/05\/LAURENTIA_ABOUT_US_school_song_BIL.pdf\" target=\"_blank\" rel=\"noreferrer noopener\">ABOUT_US_school_song_BIL<i class=\"icon-pdf\"><\/i><\/a><\/div>\n<\/div>\n","protected":false},"excerpt":{"rendered":"<p>L\u2019\u00e9cole primaire Laurentia est situ\u00e9e au 457 rue Filion dans la ville de St-J\u00e9r\u00f4me et fait partie de la Commission scolaire Sir Wilfrid Laurier. La premi\u00e8re \u00e9cole primaire anglophone de St-J\u00e9r\u00f4me est une \u00e9cole d\u2019une pi\u00e8ce construite en 1932. Dans une petite maison de deux \u00e9tages sur la propri\u00e9t\u00e9 de Dominion Rubber Co. Ltd., neuf&hellip;<\/p>\n","protected":false},"author":1,"featured_media":0,"parent":0,"menu_order":0,"comment_status":"closed","ping_status":"closed","template":"","meta":{"_acf_changed":false,"_relevanssi_hide_post":"","_relevanssi_hide_content":"","_relevanssi_pin_for_all":"","_relevanssi_pin_keywords":"","_relevanssi_unpin_keywords":"","_relevanssi_related_keywords":"","_relevanssi_related_include_ids":"","_relevanssi_related_exclude_ids":"","_relevanssi_related_no_append":"","_relevanssi_related_not_related":"","_relevanssi_related_posts":"","_relevanssi_noindex_reason":"","footnotes":""},"acf":[],"_links":{"self":[{"href":"https:\/\/laurentia.swlauriersb.vortexdev.com\/fr\/wp-json\/wp\/v2\/pages\/226"}],"collection":[{"href":"https:\/\/laurentia.swlauriersb.vortexdev.com\/fr\/wp-json\/wp\/v2\/pages"}],"about":[{"href":"https:\/\/laurentia.swlauriersb.vortexdev.com\/fr\/wp-json\/wp\/v2\/types\/page"}],"author":[{"embeddable":true,"href":"https:\/\/laurentia.swlauriersb.vortexdev.com\/fr\/wp-json\/wp\/v2\/users\/1"}],"replies":[{"embeddable":true,"href":"https:\/\/laurentia.swlauriersb.vortexdev.com\/fr\/wp-json\/wp\/v2\/comments?post=226"}],"version-history":[{"count":2,"href":"https:\/\/laurentia.swlauriersb.vortexdev.com\/fr\/wp-json\/wp\/v2\/pages\/226\/revisions"}],"predecessor-version":[{"id":306,"href":"https:\/\/laurentia.swlauriersb.vortexdev.com\/fr\/wp-json\/wp\/v2\/pages\/226\/revisions\/306"}],"wp:attachment":[{"href":"https:\/\/laurentia.swlauriersb.vortexdev.com\/fr\/wp-json\/wp\/v2\/media?parent=226"}],"curies":[{"name":"wp","href":"https:\/\/api.w.org\/{rel}","templated":true}]}}