{"id":223,"date":"2024-05-08T14:26:06","date_gmt":"2024-05-08T18:26:06","guid":{"rendered":"https:\/\/laurentia.swlauriersb.vortexdev.com\/registration\/"},"modified":"2024-05-30T09:07:56","modified_gmt":"2024-05-30T13:07:56","slug":"inscription","status":"publish","type":"page","link":"https:\/\/laurentia.swlauriersb.vortexdev.com\/fr\/notre-ecole-a-propos\/inscription\/","title":{"rendered":"Inscription"},"content":{"rendered":"\n<p>Ch\u00e8res familles,<\/p>\n\n\n\n<p>La p\u00e9riode de r\u00e9inscription est du 22 au 31 janvier 2024.<br>&nbsp;\u00c0 compter du 22 janvier, les parents doivent r\u00e9inscrire leur enfant sur le Portail parents Moza\u00efk. SVP veuillez cliquer sur les liens ci-dessous pour obtenir tous les renseignements afin de r\u00e9inscrire votre enfant pour l\u2019ann\u00e9e scolaire 2024-2025.. Si vous avez des questions, veuillez communiquer avec l\u2019\u00e9cole de votre enfant.<\/p>\n\n\n\n<p><a href=\"http:\/\/track.spe.schoolmessenger.com\/f\/a\/JXGuQ2TfYEdbi0MdSRt4Qg~~\/AAAAAQA~\/RgRniUUSP0R0aHR0cHM6Ly9tc2cuc2Nob29sbWVzc2VuZ2VyLmNhL20vP3M9NWdaSGpXaTA2dVEmbWFsPWMxZjU4YzYzNzkxZjdhZjU2Nzk0YmU4ODZiYjM0MDk2MWU2ZWFjMDE4NzZiZDEyYjQzMmNiZWUwYTQ0OWUwMjFXB3NjaG9vbG1CCmWhkhGoZdtLy3lSGG1qb2xpbkBzd2xhdXJpZXJzYi5xYy5jYVgEAAAAAg~~\">E-Push-Mozaik Re-registration_2024-2025_FR_REV2(mb).pdf<\/a><\/p>\n\n\n\n<p><a href=\"http:\/\/track.spe.schoolmessenger.com\/f\/a\/TYQR9zad3y8zWqChG4chUg~~\/AAAAAQA~\/RgRniUUSP0R0aHR0cHM6Ly9tc2cuc2Nob29sbWVzc2VuZ2VyLmNhL20vP3M9NWdaSGpXaTA2dVEmbWFsPTUwMzBmYzMyNDk3MDg0Y2ZlYTRlZmI1ZGJhMzQzYTk3YjQ0ZGI2OGUxNzcyMTYyMjQzNjg0ODNlMjdjOTg1MjBXB3NjaG9vbG1CCmWhkhGoZdtLy3lSGG1qb2xpbkBzd2xhdXJpZXJzYi5xYy5jYVgEAAAAAg~~\">E-Push-Mozaik Parent Portal_Connection Procedures_FR_REV(mb).pdf<\/a><\/p>\n","protected":false},"excerpt":{"rendered":"<p>Ch\u00e8res familles, La p\u00e9riode de r\u00e9inscription est du 22 au 31 janvier 2024.&nbsp;\u00c0 compter du 22 janvier, les parents doivent r\u00e9inscrire leur enfant sur le Portail parents Moza\u00efk. SVP veuillez cliquer sur les liens ci-dessous pour obtenir tous les renseignements afin de r\u00e9inscrire votre enfant pour l\u2019ann\u00e9e scolaire 2024-2025.. Si vous avez des questions, veuillez&hellip;<\/p>\n","protected":false},"author":1,"featured_media":0,"parent":226,"menu_order":0,"comment_status":"closed","ping_status":"closed","template":"","meta":{"_acf_changed":false,"_relevanssi_hide_post":"","_relevanssi_hide_content":"","_relevanssi_pin_for_all":"","_relevanssi_pin_keywords":"","_relevanssi_unpin_keywords":"","_relevanssi_related_keywords":"","_relevanssi_related_include_ids":"","_relevanssi_related_exclude_ids":"","_relevanssi_related_no_append":"","_relevanssi_related_not_related":"","_relevanssi_related_posts":"","_relevanssi_noindex_reason":"","footnotes":""},"acf":[],"_links":{"self":[{"href":"https:\/\/laurentia.swlauriersb.vortexdev.com\/fr\/wp-json\/wp\/v2\/pages\/223"}],"collection":[{"href":"https:\/\/laurentia.swlauriersb.vortexdev.com\/fr\/wp-json\/wp\/v2\/pages"}],"about":[{"href":"https:\/\/laurentia.swlauriersb.vortexdev.com\/fr\/wp-json\/wp\/v2\/types\/page"}],"author":[{"embeddable":true,"href":"https:\/\/laurentia.swlauriersb.vortexdev.com\/fr\/wp-json\/wp\/v2\/users\/1"}],"replies":[{"embeddable":true,"href":"https:\/\/laurentia.swlauriersb.vortexdev.com\/fr\/wp-json\/wp\/v2\/comments?post=223"}],"version-history":[{"count":2,"href":"https:\/\/laurentia.swlauriersb.vortexdev.com\/fr\/wp-json\/wp\/v2\/pages\/223\/revisions"}],"predecessor-version":[{"id":308,"href":"https:\/\/laurentia.swlauriersb.vortexdev.com\/fr\/wp-json\/wp\/v2\/pages\/223\/revisions\/308"}],"up":[{"embeddable":true,"href":"https:\/\/laurentia.swlauriersb.vortexdev.com\/fr\/wp-json\/wp\/v2\/pages\/226"}],"wp:attachment":[{"href":"https:\/\/laurentia.swlauriersb.vortexdev.com\/fr\/wp-json\/wp\/v2\/media?parent=223"}],"curies":[{"name":"wp","href":"https:\/\/api.w.org\/{rel}","templated":true}]}}