{"id":216,"date":"2024-05-08T14:28:33","date_gmt":"2024-05-08T18:28:33","guid":{"rendered":"https:\/\/laurentia.swlauriersb.vortexdev.com\/gb\/"},"modified":"2024-05-30T09:07:21","modified_gmt":"2024-05-30T13:07:21","slug":"conseil-detablissement","status":"publish","type":"page","link":"https:\/\/laurentia.swlauriersb.vortexdev.com\/fr\/informations-pour-les-parents\/conseil-detablissement\/","title":{"rendered":"Conseil d\u2019\u00e9tablissement"},"content":{"rendered":"\n<p>Laurentia a un conseil d\u2019\u00e9tablissement d\u00e9di\u00e9. Les nouveaux membres de notre conseil d\u2019\u00e9tablissement sont \u00e9lus chaque ann\u00e9e lors de l\u2019Assembl\u00e9e g\u00e9n\u00e9rale qui a lieu en septembre.\u00a0 En plus des 6 parents, il y a 4 enseignants, un repr\u00e9sentant du service de garde et la directrice de l\u2019\u00e9cole qui si\u00e8gent au conseil d\u2019\u00e9tablissement. En plus de l\u2019Assembl\u00e9e g\u00e9n\u00e9rale, 5 r\u00e9unions ont lieu tout au long de l\u2019ann\u00e9e.<\/p>\n\n\n\n<p>Nous avons une organisation de participation des parents (OPP) qui travaille pour contribuer \u00e0 notre \u00e9cole en collectant des fonds ou en lan\u00e7ant des projets tels que l\u2019am\u00e9lioration de notre environnement.\u00a0 L\u2019OPP contribue \u00e9galement \u00e0 une semaine d\u2019appr\u00e9ciation du personnel tr\u00e8s r\u00e9ussie, des activit\u00e9s sp\u00e9ciales pour les \u00e9v\u00e9nements saisonniers, le livre de l\u2019ann\u00e9e et notre journ\u00e9e de plaisir. Le PPO est ouvert \u00e0 tous les parents et nous encourageons leur participation<\/p>\n","protected":false},"excerpt":{"rendered":"<p>Laurentia a un conseil d\u2019\u00e9tablissement d\u00e9di\u00e9. Les nouveaux membres de notre conseil d\u2019\u00e9tablissement sont \u00e9lus chaque ann\u00e9e lors de l\u2019Assembl\u00e9e g\u00e9n\u00e9rale qui a lieu en septembre.\u00a0 En plus des 6 parents, il y a 4 enseignants, un repr\u00e9sentant du service de garde et la directrice de l\u2019\u00e9cole qui si\u00e8gent au conseil d\u2019\u00e9tablissement. En plus de&hellip;<\/p>\n","protected":false},"author":1,"featured_media":0,"parent":222,"menu_order":0,"comment_status":"closed","ping_status":"closed","template":"","meta":{"_acf_changed":false,"_relevanssi_hide_post":"","_relevanssi_hide_content":"","_relevanssi_pin_for_all":"","_relevanssi_pin_keywords":"","_relevanssi_unpin_keywords":"","_relevanssi_related_keywords":"","_relevanssi_related_include_ids":"","_relevanssi_related_exclude_ids":"","_relevanssi_related_no_append":"","_relevanssi_related_not_related":"","_relevanssi_related_posts":"","_relevanssi_noindex_reason":"","footnotes":""},"acf":[],"_links":{"self":[{"href":"https:\/\/laurentia.swlauriersb.vortexdev.com\/fr\/wp-json\/wp\/v2\/pages\/216"}],"collection":[{"href":"https:\/\/laurentia.swlauriersb.vortexdev.com\/fr\/wp-json\/wp\/v2\/pages"}],"about":[{"href":"https:\/\/laurentia.swlauriersb.vortexdev.com\/fr\/wp-json\/wp\/v2\/types\/page"}],"author":[{"embeddable":true,"href":"https:\/\/laurentia.swlauriersb.vortexdev.com\/fr\/wp-json\/wp\/v2\/users\/1"}],"replies":[{"embeddable":true,"href":"https:\/\/laurentia.swlauriersb.vortexdev.com\/fr\/wp-json\/wp\/v2\/comments?post=216"}],"version-history":[{"count":2,"href":"https:\/\/laurentia.swlauriersb.vortexdev.com\/fr\/wp-json\/wp\/v2\/pages\/216\/revisions"}],"predecessor-version":[{"id":313,"href":"https:\/\/laurentia.swlauriersb.vortexdev.com\/fr\/wp-json\/wp\/v2\/pages\/216\/revisions\/313"}],"up":[{"embeddable":true,"href":"https:\/\/laurentia.swlauriersb.vortexdev.com\/fr\/wp-json\/wp\/v2\/pages\/222"}],"wp:attachment":[{"href":"https:\/\/laurentia.swlauriersb.vortexdev.com\/fr\/wp-json\/wp\/v2\/media?parent=216"}],"curies":[{"name":"wp","href":"https:\/\/api.w.org\/{rel}","templated":true}]}}